{"id":12,"date":"2016-04-05T14:06:36","date_gmt":"2016-04-05T14:06:36","guid":{"rendered":"http:\/\/www.aberalia.es\/?page_id=12"},"modified":"2016-11-10T10:44:07","modified_gmt":"2016-11-10T10:44:07","slug":"ubicacion","status":"publish","type":"page","link":"https:\/\/www.aberalia.es\/CA\/ubicacion\/","title":{"rendered":"UBICACI\u00d3"},"content":{"rendered":"Les oficines d\u2019<em>ABERALIA AUDITORS, S.L.<\/em>, es troben en el carrer Rossell\u00f3 188, en ple centre de negocis i comercial de la ciutat de Barcelona. Accessible i ben comunicat, el nostre despatx permet un c\u00f2mode i atractiu punt de reuni\u00f3 pr\u00f2xim als millors restaurants de la ciutat.<\/p>\n<p><iframe loading=\"lazy\" style=\"border: 0;\" src=\"https:\/\/www.google.com\/maps\/embed?pb=!1m18!1m12!1m3!1d2993.141055222373!2d2.1545983513050952!3d41.392742979161866!2m3!1f0!2f0!3f0!3m2!1i1024!2i768!4f13.1!3m3!1m2!1s0x12a4a2904f11a7ff%3A0xba20b9048120b93e!2sCarrer+del+Rossell%C3%B3%2C+188%2C+08008+Barcelona!5e0!3m2!1sca!2ses!4v1459865046430\" width=\"1000\" height=\"450\" frameborder=\"0\" allowfullscreen=\"allowfullscreen\"><\/iframe>","protected":false},"excerpt":{"rendered":"<p>Les oficines d\u2019ABERALIA AUDITORS, S.L., es troben en el carrer Rossell\u00f3 188, en ple centre de negocis i comercial de la ciutat de Barcelona. Accessible i ben comunicat, el nostre despatx permet<a class=\"moretag\" href=\"https:\/\/www.aberalia.es\/CA\/ubicacion\/\">Read More&#8230;<\/a><\/p>\n","protected":false},"author":1,"featured_media":0,"parent":0,"menu_order":3,"comment_status":"closed","ping_status":"closed","template":"","meta":[],"_links":{"self":[{"href":"https:\/\/www.aberalia.es\/CA\/wp-json\/wp\/v2\/pages\/12"}],"collection":[{"href":"https:\/\/www.aberalia.es\/CA\/wp-json\/wp\/v2\/pages"}],"about":[{"href":"https:\/\/www.aberalia.es\/CA\/wp-json\/wp\/v2\/types\/page"}],"author":[{"embeddable":true,"href":"https:\/\/www.aberalia.es\/CA\/wp-json\/wp\/v2\/users\/1"}],"replies":[{"embeddable":true,"href":"https:\/\/www.aberalia.es\/CA\/wp-json\/wp\/v2\/comments?post=12"}],"version-history":[{"count":8,"href":"https:\/\/www.aberalia.es\/CA\/wp-json\/wp\/v2\/pages\/12\/revisions"}],"predecessor-version":[{"id":75,"href":"https:\/\/www.aberalia.es\/CA\/wp-json\/wp\/v2\/pages\/12\/revisions\/75"}],"wp:attachment":[{"href":"https:\/\/www.aberalia.es\/CA\/wp-json\/wp\/v2\/media?parent=12"}],"curies":[{"name":"wp","href":"https:\/\/api.w.org\/{rel}","templated":true}]}}