{"id":51,"date":"2016-04-06T22:30:19","date_gmt":"2016-04-06T22:30:19","guid":{"rendered":"http:\/\/www.aberalia.es\/politica-de-cookies\/"},"modified":"2016-05-05T14:09:42","modified_gmt":"2016-05-05T14:09:42","slug":"politica-de-cookies","status":"publish","type":"page","link":"https:\/\/www.aberalia.es\/CA\/politica-de-cookies\/","title":{"rendered":"Pol\u00edtica de cookies"},"content":{"rendered":"<strong><em>POL\u00cdTICA DE COOKIES<\/em><\/strong><\/p>\n<p><em>Cookie \u00e9s un fitxer que es descarrega al seu ordinador en accedir a determinades p\u00e0gines web. Les cookies permeten a una p\u00e0gina web, entre altres coses, emmagatzemar i recuperar informaci\u00f3 sobre els h\u00e0bits de navegaci\u00f3 d\u2019un usuari o del seu equip i, depenent de la informaci\u00f3 que continguin i de la forma en qu\u00e8 utilitzi el seu equip, es poden utilitzar per recon\u00e8ixer a l\u2019usuari. El navegador de l\u2019usuari memoritza cookies\u00a0al disc dur nom\u00e9s durant la sessi\u00f3 actual ocupant un espai de mem\u00f2ria m\u00ednim i no perjudicant a l\u2019ordinador. Les galetes no contenen cap mena d\u2019informaci\u00f3 personal espec\u00edfica, i la majoria de les mateixes s\u2019esborren del disc dur en finalitzar la sessi\u00f3 de navegador (les anomenades galetes de sessi\u00f3).<\/em><\/p>\n<p><em>La majoria dels navegadors accepten com a est\u00e0ndard a les cookies\u00a0i, amb independ\u00e8ncia de les mateixes, permeten o impedeixen en la configuraci\u00f3 de seguretat les cookies temporals o memoritzades.<\/em><\/p>\n<p><em>Sense el seu expr\u00e9s consentiment -mitjan\u00e7ant l\u2019activaci\u00f3 de les cookies no enlla\u00e7ar\u00e0 a les galetes les dades memoritzades amb les seves dades personals proporcionades en el moment del registre o la compra ..<\/em><\/p>\n<p><strong><em>Quins tipus de cookies utilitza aquesta p\u00e0gina web?<\/em><\/strong><\/p>\n<p><em>\u2013 Cookies\u00a0t\u00e8cniques: S\u00f3n aquelles que permeten a l\u2019usuari la navegaci\u00f3 a trav\u00e9s d\u2019una p\u00e0gina web, plataforma o aplicaci\u00f3 i la utilitzaci\u00f3 de les diferents opcions o serveis que en ella hi hagi com, per exemple, controlar el tr\u00e0nsit i la comunicaci\u00f3 de dades, identificar la sessi\u00f3, accedir a parts d\u2019acc\u00e9s restringit, recordar els elements que integren una comanda, realitzar el proc\u00e9s de compra d\u2019una comanda, fer la sol\u00b7licitud d\u2019inscripci\u00f3 o participaci\u00f3 en un esdeveniment, utilitzar elements de seguretat durant la navegaci\u00f3, emmagatzemar continguts per a la difusi\u00f3 de v\u00eddeos o so o compartir continguts a trav\u00e9s de xarxes socials.<\/em><\/p>\n<p><em>\u2013 Galetes de personalitzaci\u00f3: S\u00f3n aquelles que permeten a l\u2019usuari accedir al servei amb algunes caracter\u00edstiques de car\u00e0cter general predefinides en funci\u00f3 d\u2019una s\u00e8rie de criteris en el terminal de l\u2019usuari com ara serien l\u2019idioma, el tipus de navegador mitjan\u00e7ant el qual s\u2019accedeix al servei, la configuraci\u00f3 regional des d\u2019on s\u2019accedeix al servei, etc.<\/em><\/p>\n<p><em>\u2013 Cookies\u00a0d\u2019an\u00e0lisi: S\u00f3n aquelles que ben tractades per nosaltres o per tercers, ens permeten quantificar el nombre d\u2019usuaris i aix\u00ed realitzar el mesurament i an\u00e0lisi estad\u00edstica de la utilitzaci\u00f3 que fan els usuaris del servei ofert. Per aix\u00f2 s\u2019analitza la seva navegaci\u00f3 a la nostra p\u00e0gina web per tal de millorar l\u2019oferta de productes o serveis que li oferim.<\/em><\/p>\n<p><em>\u2013 Cookies\u00a0publicit\u00e0ries: S\u00f3n aquelles que, ben tractades per nosaltres o per tercers, ens permeten gestionar de la forma m\u00e9s efica\u00e7 possible l\u2019oferta dels espais publicitaris que hi ha a la p\u00e0gina web, adequant el contingut de l\u2019anunci al contingut del servei sol\u00b7licitat o al \u00fas que realitzi de la nostra p\u00e0gina web. Per a aix\u00f2 podem analitzar els seus h\u00e0bits de navegaci\u00f3 a Internet i podem mostrar publicitat relacionada amb el seu perfil de navegaci\u00f3.<\/em><\/p>\n<p><em>\u2013 Cookies\u00a0de publicitat comportamental: S\u00f3n aquelles que permeten la gesti\u00f3, de la forma m\u00e9s efica\u00e7 possible, dels espais publicitaris que, si escau, l\u2019editor hagi incl\u00f2s en una p\u00e0gina web, aplicaci\u00f3 o plataforma des de la qual presta el servei sol\u00b7licitat. Aquestes galetes emmagatzemen informaci\u00f3 del comportament dels usuaris obtinguda a trav\u00e9s de l\u2019observaci\u00f3 continuada dels seus h\u00e0bits de navegaci\u00f3, el que permet desenvolupar un perfil espec\u00edfic per a mostrar publicitat en funci\u00f3 del mateix.<\/em><\/p>\n<p><em>\u2013 Cookies\u00a0de tercers: La web de Aberalia\u00a0pot utilitzar serveis de tercers que, per compte d&#8217;Aberalia recopilaran informaci\u00f3 amb finalitats estad\u00edstiques, d\u2019\u00fas del Site per part de l\u2019usuari i per a la prestacio d\u2019altres serveis relacionats amb l\u2019activitat del lloc web i altres serveis d\u2019Internet.<\/em>","protected":false},"excerpt":{"rendered":"<p>POL\u00cdTICA DE COOKIES Cookie \u00e9s un fitxer que es descarrega al seu ordinador en accedir a determinades p\u00e0gines web. Les cookies permeten a una p\u00e0gina web, entre altres coses, emmagatzemar i recuperar<a class=\"moretag\" href=\"https:\/\/www.aberalia.es\/CA\/politica-de-cookies\/\">Read More&#8230;<\/a><\/p>\n","protected":false},"author":1,"featured_media":0,"parent":0,"menu_order":8,"comment_status":"closed","ping_status":"closed","template":"","meta":[],"_links":{"self":[{"href":"https:\/\/www.aberalia.es\/CA\/wp-json\/wp\/v2\/pages\/51"}],"collection":[{"href":"https:\/\/www.aberalia.es\/CA\/wp-json\/wp\/v2\/pages"}],"about":[{"href":"https:\/\/www.aberalia.es\/CA\/wp-json\/wp\/v2\/types\/page"}],"author":[{"embeddable":true,"href":"https:\/\/www.aberalia.es\/CA\/wp-json\/wp\/v2\/users\/1"}],"replies":[{"embeddable":true,"href":"https:\/\/www.aberalia.es\/CA\/wp-json\/wp\/v2\/comments?post=51"}],"version-history":[{"count":2,"href":"https:\/\/www.aberalia.es\/CA\/wp-json\/wp\/v2\/pages\/51\/revisions"}],"predecessor-version":[{"id":54,"href":"https:\/\/www.aberalia.es\/CA\/wp-json\/wp\/v2\/pages\/51\/revisions\/54"}],"wp:attachment":[{"href":"https:\/\/www.aberalia.es\/CA\/wp-json\/wp\/v2\/media?parent=51"}],"curies":[{"name":"wp","href":"https:\/\/api.w.org\/{rel}","templated":true}]}}