{"id":6,"date":"2016-04-05T13:58:26","date_gmt":"2016-04-05T13:58:26","guid":{"rendered":"http:\/\/www.aberalia.es\/?page_id=6"},"modified":"2016-11-17T09:21:02","modified_gmt":"2016-11-17T09:21:02","slug":"inicio","status":"publish","type":"page","link":"https:\/\/www.aberalia.es\/CA\/","title":{"rendered":"INICI"},"content":{"rendered":"<div style=\"width:900px; widows:inherit\">\n<p><img loading=\"lazy\" class=\"alignleft wp-image-21\" src=\"http:\/\/www.aberalia.es\/wp-content\/uploads\/2016\/04\/shutterstock_26050093-1024x684.jpg\" alt=\"shutterstock_26050093\" width=\"620\" height=\"414\" srcset=\"https:\/\/www.aberalia.es\/wp-content\/uploads\/2016\/04\/shutterstock_26050093-1024x684.jpg 1024w, https:\/\/www.aberalia.es\/wp-content\/uploads\/2016\/04\/shutterstock_26050093-300x200.jpg 300w, https:\/\/www.aberalia.es\/wp-content\/uploads\/2016\/04\/shutterstock_26050093-768x513.jpg 768w, https:\/\/www.aberalia.es\/wp-content\/uploads\/2016\/04\/shutterstock_26050093.jpg 1200w\" sizes=\"(max-width: 620px) 100vw, 620px\" \/><\/p>\n<p style=\"text-align: justify;\"><em>Aberalia Auditors, S.L.<\/em> \u00e9s una societat de professionals de l\u2019auditoria. Va ser constitu\u00efda en desembre de 2012 com a firma especialitzada en la prestaci\u00f3 de serveis d\u2019auditoria. <em>Aberalia Auditors, S.L<\/em> combina una amplia experi\u00e8ncia compartida pels seus professionals en auditoria i la utilitzaci\u00f3 de t\u00e8cniques de treball actualitzades i tecnol\u00f2gicament avan\u00e7ades. Aquestes t\u00e8cniques ens permeten utilitzar els nostres serveis amb els nivells de qualitat exigits i amb la dedicaci\u00f3 de temps i atenci\u00f3 que requereixen les relacions amb els nostres clients. Realitzem tant la prestaci\u00f3 de serveis d\u2019auditoria de comptes a empreses que segons la Llei d\u2019Auditoria vigent en Espanya estan obligades a auditar els seus comptes anuals, com la realitzaci\u00f3 d\u2019auditories volunt\u00e0ries de comptes, auditories de procediments acordats, de subvencions i auditories de regularitat i de compliment de legalitat per a entitats del sector p\u00fablic. Igualment realitzem informes de valoraci\u00f3 d\u2019empreses i negocis, informes pericials i informes de <em>Due Diligence.<\/em><\/p>\n<p style=\"text-align: justify;\">Treballem, especialitzats en els nostres treballs d\u2019auditoria, en col\u00b7laboraci\u00f3 amb els assessors dels nostres clients mantenint la nostra independ\u00e8ncia i compet\u00e8ncia t\u00e8cnica regulada per les Normes T\u00e8cniques d\u2019Auditoria vigents.<\/p>\n<p style=\"text-align: justify;\">Hem prestat i prestem els nostres serveis en sectors tant diversos com: alimentaci\u00f3, audiovisual, associacions i fundacions, automoci\u00f3, col\u00b7legis professionals, consorcis p\u00fablics, entitats d\u2019investigaci\u00f3, entitats municipals, entitats financeres, injecci\u00f3 de pl\u00e0stic, joc, fusta, metal\u00b7l\u00fargia, oci, qu\u00edmics, serveis, sider\u00fargia, t\u00e8xtil i transports entre d\u2019altres.<\/p>\n<\/div>","protected":false},"excerpt":{"rendered":"<p>Aberalia Auditors, S.L. \u00e9s una societat de professionals de l\u2019auditoria. Va ser constitu\u00efda en desembre de 2012 com a firma especialitzada en la prestaci\u00f3 de serveis d\u2019auditoria. Aberalia Auditors, S.L combina una<a class=\"moretag\" href=\"https:\/\/www.aberalia.es\/CA\/\">Read More&#8230;<\/a><\/p>\n","protected":false},"author":1,"featured_media":0,"parent":0,"menu_order":0,"comment_status":"closed","ping_status":"closed","template":"","meta":[],"_links":{"self":[{"href":"https:\/\/www.aberalia.es\/CA\/wp-json\/wp\/v2\/pages\/6"}],"collection":[{"href":"https:\/\/www.aberalia.es\/CA\/wp-json\/wp\/v2\/pages"}],"about":[{"href":"https:\/\/www.aberalia.es\/CA\/wp-json\/wp\/v2\/types\/page"}],"author":[{"embeddable":true,"href":"https:\/\/www.aberalia.es\/CA\/wp-json\/wp\/v2\/users\/1"}],"replies":[{"embeddable":true,"href":"https:\/\/www.aberalia.es\/CA\/wp-json\/wp\/v2\/comments?post=6"}],"version-history":[{"count":17,"href":"https:\/\/www.aberalia.es\/CA\/wp-json\/wp\/v2\/pages\/6\/revisions"}],"predecessor-version":[{"id":97,"href":"https:\/\/www.aberalia.es\/CA\/wp-json\/wp\/v2\/pages\/6\/revisions\/97"}],"wp:attachment":[{"href":"https:\/\/www.aberalia.es\/CA\/wp-json\/wp\/v2\/media?parent=6"}],"curies":[{"name":"wp","href":"https:\/\/api.w.org\/{rel}","templated":true}]}}