{"id":62,"date":"2016-11-10T10:17:00","date_gmt":"2016-11-10T10:17:00","guid":{"rendered":"http:\/\/www.aberalia.es\/?page_id=62"},"modified":"2016-11-10T10:33:18","modified_gmt":"2016-11-10T10:33:18","slug":"servicios","status":"publish","type":"page","link":"https:\/\/www.aberalia.es\/CA\/servicios\/","title":{"rendered":"SERVEIS"},"content":{"rendered":"Realitzem tant la prestaci\u00f3 de serveis d\u2019Auditoria de Comptes a les empreses que segons la Llei d\u2019Auditoria vigent en Espanya est\u00e0 obligada a auditar els seus comptes anuals, com la realitzaci\u00f3 de car\u00e0cter voluntari, segons el seg\u00fcent detall:<\/p>\n<ul>\n<li>Auditories financeres de comptes anuals<\/li>\n<li>Auditories de procediments acordats<\/li>\n<li>Auditoria de subvencions<\/li>\n<li>Auditories de Compliment de Legalitat<\/li>\n<li>Informes de Revisi\u00f3 Limitada<\/li>\n<li>Informes de valoraci\u00f3 d\u2019empreses i negocis<\/li>\n<li>Informes pericials<\/li>\n<li>Informes Due Diligence<\/li>\n<li>Serveis relacionats requerits per Organismes P\u00fablics o altres Entitats (ECOEMBES entre d\u2019altres)<img loading=\"lazy\" class=\"aligncenter size-full wp-image-64\" src=\"http:\/\/www.aberalia.es\/wp-content\/uploads\/2016\/11\/JUSTICIA.jpg\" alt=\"justicia\" width=\"582\" height=\"352\" srcset=\"https:\/\/www.aberalia.es\/wp-content\/uploads\/2016\/11\/JUSTICIA.jpg 582w, https:\/\/www.aberalia.es\/wp-content\/uploads\/2016\/11\/JUSTICIA-300x181.jpg 300w\" sizes=\"(max-width: 582px) 100vw, 582px\" \/><\/li>\n<\/ul>","protected":false},"excerpt":{"rendered":"<p>Realitzem tant la prestaci\u00f3 de serveis d\u2019Auditoria de Comptes a les empreses que segons la Llei d\u2019Auditoria vigent en Espanya est\u00e0 obligada a auditar els seus comptes anuals, com la realitzaci\u00f3 de<a class=\"moretag\" href=\"https:\/\/www.aberalia.es\/CA\/servicios\/\">Read More&#8230;<\/a><\/p>\n","protected":false},"author":1,"featured_media":0,"parent":0,"menu_order":0,"comment_status":"closed","ping_status":"closed","template":"","meta":[],"_links":{"self":[{"href":"https:\/\/www.aberalia.es\/CA\/wp-json\/wp\/v2\/pages\/62"}],"collection":[{"href":"https:\/\/www.aberalia.es\/CA\/wp-json\/wp\/v2\/pages"}],"about":[{"href":"https:\/\/www.aberalia.es\/CA\/wp-json\/wp\/v2\/types\/page"}],"author":[{"embeddable":true,"href":"https:\/\/www.aberalia.es\/CA\/wp-json\/wp\/v2\/users\/1"}],"replies":[{"embeddable":true,"href":"https:\/\/www.aberalia.es\/CA\/wp-json\/wp\/v2\/comments?post=62"}],"version-history":[{"count":3,"href":"https:\/\/www.aberalia.es\/CA\/wp-json\/wp\/v2\/pages\/62\/revisions"}],"predecessor-version":[{"id":84,"href":"https:\/\/www.aberalia.es\/CA\/wp-json\/wp\/v2\/pages\/62\/revisions\/84"}],"wp:attachment":[{"href":"https:\/\/www.aberalia.es\/CA\/wp-json\/wp\/v2\/media?parent=62"}],"curies":[{"name":"wp","href":"https:\/\/api.w.org\/{rel}","templated":true}]}}